{"id":3055,"date":"2020-10-26T18:42:20","date_gmt":"2020-10-26T17:42:20","guid":{"rendered":"http:\/\/klangforum.at\/klangforum-wien-ensemble\/virginie-tarrete-harp\/"},"modified":"2022-06-15T10:56:52","modified_gmt":"2022-06-15T08:56:52","slug":"virginie-tarrete-harp","status":"publish","type":"page","link":"https:\/\/alt2.klangforum.at\/en\/klangforum-wien-ensemble\/virginie-tarrete-harp\/","title":{"rendered":"Virginie Tarr\u00eate, harp"},"content":{"rendered":"<div class=\"fusion-fullwidth fullwidth-box fusion-builder-row-1 fusion-flex-container nonhundred-percent-fullwidth non-hundred-percent-height-scrolling\" style=\"background-color: #ffffff;background-position: center center;background-repeat: no-repeat;border-width: 0px 0px 0px 0px;border-color:#eae9e9;border-style:solid;\" ><div class=\"fusion-builder-row fusion-row fusion-flex-align-items-flex-start\" style=\"max-width:98.8%;margin-left: calc(-4% \/ 2 );margin-right: calc(-4% \/ 2 );\"><div class=\"fusion-layout-column fusion_builder_column fusion-builder-column-0 fusion_builder_column_1_4 1_4 fusion-flex-column\"><div class=\"fusion-column-wrapper fusion-flex-justify-content-flex-start fusion-content-layout-column\" style=\"background-position:left top;background-repeat:no-repeat;-webkit-background-size:cover;-moz-background-size:cover;-o-background-size:cover;background-size:cover;padding: 0px 0px 0px 0px;\"><div ><span class=\" fusion-imageframe imageframe-none imageframe-1 hover-type-none\"><img width=\"1707\" height=\"2560\" title=\"virginie_tarrete2_c_tina_herzl\" src=\"https:\/\/alt2.klangforum.at\/wp-content\/uploads\/2020\/06\/virginie_tarrete2_c_tina_herzl-scaled.jpg\" data-orig-src=\"http:\/\/klangforum.at\/wp-content\/uploads\/2020\/06\/virginie_tarrete2_c_tina_herzl-scaled.jpg\" class=\"lazyload img-responsive wp-image-80\" srcset=\"data:image\/svg+xml,%3Csvg%20xmlns%3D%27http%3A%2F%2Fwww.w3.org%2F2000%2Fsvg%27%20width%3D%271707%27%20height%3D%272560%27%20viewBox%3D%270%200%201707%202560%27%3E%3Crect%20width%3D%271707%27%20height%3D%272560%27%20fill-opacity%3D%220%22%2F%3E%3C%2Fsvg%3E\" data-srcset=\"https:\/\/alt2.klangforum.at\/wp-content\/uploads\/2020\/06\/virginie_tarrete2_c_tina_herzl-200x300.jpg 200w, https:\/\/alt2.klangforum.at\/wp-content\/uploads\/2020\/06\/virginie_tarrete2_c_tina_herzl-scaled.jpg 1707w\" data-sizes=\"auto\" data-orig-sizes=\"(max-width: 800px) 100vw, 1707px\" \/><\/span><\/div><\/div><style type=\"text\/css\">.fusion-body .fusion-builder-column-0{width:25% !important;margin-top : 0px;margin-bottom : 20px;}.fusion-builder-column-0 > .fusion-column-wrapper {padding-top : 0px !important;padding-right : 0px !important;margin-right : 7.68%;padding-bottom : 0px !important;padding-left : 0px !important;margin-left : 7.68%;}@media only screen and (max-width:1540px) {.fusion-body .fusion-builder-column-0{width:25% !important;}.fusion-builder-column-0 > .fusion-column-wrapper {margin-right : 7.68%;margin-left : 7.68%;}}@media only screen and (max-width:800px) {.fusion-body .fusion-builder-column-0{width:100% !important;}.fusion-builder-column-0 > .fusion-column-wrapper {margin-right : 1.92%;margin-left : 1.92%;}}<\/style><\/div><div class=\"fusion-layout-column fusion_builder_column fusion-builder-column-1 fusion_builder_column_1_2 1_2 fusion-flex-column\"><div class=\"fusion-column-wrapper fusion-flex-justify-content-flex-start fusion-content-layout-column\" style=\"background-position:left top;background-repeat:no-repeat;-webkit-background-size:cover;-moz-background-size:cover;-o-background-size:cover;background-size:cover;padding: 0px 0px 0px 0px;\"><style type=\"text\/css\">.fusion-title.fusion-title-1 svg path{stroke-width:9!important}@media only screen and (max-width:1540px) {.fusion-title.fusion-title-1{margin-top:10px!important; margin-right:0px!important;margin-bottom:15px!important;margin-left:0px!important;}}@media only screen and (max-width:800px) {.fusion-title.fusion-title-1{margin-top:10px!important; margin-right:0px!important;margin-bottom:10px!important; margin-left:0px!important;}}<\/style><div class=\"fusion-title title fusion-title-1 fusion-sep-none fusion-title-highlight fusion-loop-on fusion-highlight-underline fusion-title-size-one fusion-animated\" style=\"margin-top:10px;margin-right:0px;margin-bottom:15px;margin-left:0px;\" data-highlight=\"underline\" data-animationType=\"slideInDown\" data-animationDuration=\"0.5\" data-animationOffset=\"100%\"><h1 class=\"title-heading-left fusion-responsive-typography-calculated\" style=\"margin:0;--fontSize:60;line-height:1.16;\"><span class=\"fusion-highlighted-text-prefix\"> Virginie Tarr\u00eate,<\/span>  <span class=\"fusion-highlighted-text-postfix\">harp<\/span><\/h1><\/div><div class=\"fusion-text fusion-text-1\"><p>After studying the harp and chamber music at the Conservatoire National Sup\u00e9rieur de Musique et de Danse de Paris with Marie-Claire Jamet and Francis Pierre (diploma with distinction in 1992), she continued her training at the Freiburg University of Music with Ursula Holliger. Her repertoire ranges from early to contemporary music. As a soloist, she has been invited to perform at international festivals. In particular, she values the close collaboration with composers such as Mark Andre, Franck Bedrossian, Luciano Berio, Brian Ferneyhough, Herlmut Lachenmann, Fran\u00e7ois Paris, Wolfgang Rihm, Wolfram Schurig, and Charles Wuorinen in joint recording projects of their works. She has also performed with conductors such as Pierre Boulez, Sylvain Cambreling, and Emilio Pom\u00e0rico. She has played with a number of renowned ensembles such as musikFabrik, ensemble recherche, and Ensemble l\u2019Itineraire. She became a member of Klangforum Wien in 2007. Together with L\u00e1szl\u00f3 Hudacsek, she founded the duo HarPerc in 2012 in order to develop repertoire for harp and percussion. As a result of her interest in the interpretation of the early music repertoire on historical instruments, she founded the duo Sebastien Erard together with Alain Roudier (hammerclavier) with whom she performs works of the eighteenth and nineteenth century. She appears regularly with the Orchestre R\u00e9volutionnaire et Romantique conducted by Sir John Eliot Gardiner. Since 2008, Virginie Tarr\u00eate also teaches the harp at the Conservatoire R\u00e9gional de Dijon.<\/p>\n<\/div><div class=\"fusion-separator fusion-has-icon fusion-full-width-sep\" style=\"align-self: center;margin-left: auto;margin-right: auto;margin-bottom:80px;width:100%;\"><\/div><div class=\"fusion-video fusion-youtube\" style=\"max-width:600px;max-height:360px;\"><div class=\"video-shortcode\"><iframe title=\"YouTube video player 1\" src=\"https:\/\/www.youtube.com\/embed\/_bWWApRw7mQ?wmode=transparent&autoplay=0\" width=\"600\" height=\"360\" allowfullscreen allow=\"autoplay; fullscreen\"><\/iframe><\/div><\/div><div class=\"fusion-sharing-box fusion-sharing-box-1\" style=\"background-color:rgba(246,246,246,0);padding:0;margin-top:60px;\" data-title=\"Virginie Tarr\u00eate, harp\" data-description=\"Klangforum Wien Ensemble\n\u2014 Biografie\n\nJoonas Ahonen\" data-link=\"https:\/\/alt2.klangforum.at\/en\/klangforum-wien-ensemble\/virginie-tarrete-harp\/\" data-image=\"http:\/\/klangforum.at\/wp-content\/uploads\/2020\/06\/joonas-ahonen2-c-tina-herzl-scaled.jpg\"><div class=\"fusion-social-networks sharingbox-shortcode-icon-wrapper sharingbox-shortcode-icon-wrapper-1\"><span><a href=\"https:\/\/www.facebook.com\/sharer.php?u=https%3A%2F%2Falt2.klangforum.at%2Fen%2Fklangforum-wien-ensemble%2Fvirginie-tarrete-harp%2F&amp;t=Virginie%20Tarr%C3%AAte%2C%20harp\" target=\"_blank\" rel=\"nofollow\" title=\"Facebook\" aria-label=\"Facebook\" data-placement=\"top\" data-toggle=\"tooltip\" data-title=\"Facebook\"><i class=\"fusion-social-network-icon fusion-tooltip fusion-facebook fusion-icon-facebook\" style=\"color:#bebdbd;\" aria-hidden=\"true\"><\/i><\/a><\/span><span><a href=\"https:\/\/twitter.com\/share?text=Virginie%20Tarr%C3%AAte%2C%20harp&amp;url=https%3A%2F%2Falt2.klangforum.at%2Fen%2Fklangforum-wien-ensemble%2Fvirginie-tarrete-harp%2F\" target=\"_blank\" rel=\"noopener noreferrer nofollow\" title=\"Twitter\" aria-label=\"Twitter\" data-placement=\"top\" data-toggle=\"tooltip\" data-title=\"Twitter\"><i class=\"fusion-social-network-icon fusion-tooltip fusion-twitter fusion-icon-twitter\" style=\"color:#bebdbd;\" aria-hidden=\"true\"><\/i><\/a><\/span><span><a href=\"https:\/\/www.linkedin.com\/shareArticle?mini=true&amp;url=https%3A%2F%2Falt2.klangforum.at%2Fen%2Fklangforum-wien-ensemble%2Fvirginie-tarrete-harp%2F&amp;title=Virginie%20Tarr%C3%AAte%2C%20harp&amp;summary=Klangforum%20Wien%20Ensemble%0A%E2%80%94%20Biografie%0A%0AJoonas%20Ahonen\" target=\"_blank\" rel=\"noopener noreferrer nofollow\" title=\"LinkedIn\" aria-label=\"LinkedIn\" data-placement=\"top\" data-toggle=\"tooltip\" data-title=\"LinkedIn\"><i class=\"fusion-social-network-icon fusion-tooltip fusion-linkedin fusion-icon-linkedin\" style=\"color:#bebdbd;\" aria-hidden=\"true\"><\/i><\/a><\/span><span><a href=\"https:\/\/api.whatsapp.com\/send?text=https%3A%2F%2Falt2.klangforum.at%2Fen%2Fklangforum-wien-ensemble%2Fvirginie-tarrete-harp%2F\" target=\"_blank\" rel=\"noopener noreferrer nofollow\" title=\"WhatsApp\" aria-label=\"WhatsApp\" data-placement=\"top\" data-toggle=\"tooltip\" data-title=\"WhatsApp\"><i class=\"fusion-social-network-icon fusion-tooltip fusion-whatsapp fusion-icon-whatsapp\" style=\"color:#bebdbd;\" aria-hidden=\"true\"><\/i><\/a><\/span><span><a href=\"http:\/\/vkontakte.ru\/share.php?url=https%3A%2F%2Falt2.klangforum.at%2Fen%2Fklangforum-wien-ensemble%2Fvirginie-tarrete-harp%2F&amp;title=Virginie%20Tarr%C3%AAte%2C%20harp&amp;description=Klangforum%20Wien%20Ensemble%0A%E2%80%94%20Biografie%0A%0AJoonas%20Ahonen\" target=\"_blank\" rel=\"noopener noreferrer nofollow\" title=\"Vk\" aria-label=\"Vk\" data-placement=\"top\" data-toggle=\"tooltip\" data-title=\"Vk\"><i class=\"fusion-social-network-icon fusion-tooltip fusion-vk fusion-icon-vk\" style=\"color:#bebdbd;\" aria-hidden=\"true\"><\/i><\/a><\/span><span><a href=\"mailto:?subject=Virginie%20Tarr%C3%AAte%2C%20harp&amp;body=https%3A%2F%2Falt2.klangforum.at%2Fen%2Fklangforum-wien-ensemble%2Fvirginie-tarrete-harp%2F\" target=\"_self\" rel=\"nofollow\" title=\"Email\" aria-label=\"Email\" data-placement=\"top\" data-toggle=\"tooltip\" data-title=\"Email\"><i class=\"fusion-social-network-icon fusion-tooltip fusion-mail fusion-icon-mail\" style=\"color:#bebdbd;\" aria-hidden=\"true\"><\/i><\/a><\/span><\/div><\/div><style type=\"text\/css\">.fusion-sharing-box-1 h4{margin-bottom:0 !important;}.fusion-sharing-box-1{flex-direction:row !important;}@media only screen and (max-width:1540px){.fusion-sharing-box-1 h4{margin-right:0.5em !important;margin-bottom:0 !important;}.sharingbox-shortcode-icon-wrapper-1{width:auto !important;justify-content:flex-end !important;}.fusion-sharing-box-1{align-items:center !important;} }@media only screen and (max-width:800px){.fusion-sharing-box-1{flex-direction:row !important;align-items:center !important;}.fusion-sharing-box-1 h4{margin-right:0.5em !important;margin-bottom:0 !important;}.sharingbox-shortcode-icon-wrapper-1{width:auto !important;justify-content:space-between !important;} }<\/style><\/div><style type=\"text\/css\">.fusion-body .fusion-builder-column-1{width:50% !important;margin-top : 0px;margin-bottom : 20px;}.fusion-builder-column-1 > .fusion-column-wrapper {padding-top : 0px !important;padding-right : 0px !important;margin-right : 3.84%;padding-bottom : 0px !important;padding-left : 0px !important;margin-left : 3.84%;}@media only screen and (max-width:1540px) {.fusion-body .fusion-builder-column-1{width:50% !important;}.fusion-builder-column-1 > .fusion-column-wrapper {margin-right : 3.84%;margin-left : 3.84%;}}@media only screen and (max-width:800px) {.fusion-body .fusion-builder-column-1{width:100% !important;}.fusion-builder-column-1 > .fusion-column-wrapper {margin-right : 1.92%;margin-left : 1.92%;}}<\/style><\/div><div class=\"fusion-layout-column fusion_builder_column fusion-builder-column-2 fusion_builder_column_1_4 1_4 fusion-flex-column\"><div class=\"fusion-column-wrapper fusion-flex-justify-content-flex-start fusion-content-layout-column\" style=\"background-position:left top;background-repeat:no-repeat;-webkit-background-size:cover;-moz-background-size:cover;-o-background-size:cover;background-size:cover;padding: 0px 0px 0px 0px;\"><div class=\"fusion-widget fusion-widget-element fusion-widget-area fusion-content-widget-area wpWidget-1\" style=\"border-width:0px;border-style:solid;\"><div class=\"widget widget_nav_menu\"><div class=\"menu-ensemble-en-container\"><ul id=\"menu-ensemble-en\" class=\"menu\"><li id=\"menu-item-4318\" class=\"menu-item menu-item-type-post_type menu-item-object-page menu-item-4318\"><a href=\"https:\/\/alt2.klangforum.at\/en\/klangforum-wien-ensemble\/joonas-ahonen-piano\/\">Joonas Ahonen, piano<\/a><\/li>\n<li id=\"menu-item-13269\" class=\"menu-item menu-item-type-post_type menu-item-object-page menu-item-13269\"><a href=\"https:\/\/alt2.klangforum.at\/en\/klangforum-wien-ensemble\/paul-beckett-viola\/\">Paul Beckett, viola<\/a><\/li>\n<li id=\"menu-item-4327\" class=\"menu-item menu-item-type-post_type menu-item-object-page menu-item-4327\"><a href=\"https:\/\/alt2.klangforum.at\/en\/klangforum-wien-ensemble\/annette-bik-violin\/\">Annette Bik, violin<\/a><\/li>\n<li id=\"menu-item-4321\" class=\"menu-item menu-item-type-post_type menu-item-object-page menu-item-4321\"><a href=\"https:\/\/alt2.klangforum.at\/en\/klangforum-wien-ensemble\/markus-deuter-oboe\/\">Markus Deuter, oboe<\/a><\/li>\n<li id=\"menu-item-4320\" class=\"menu-item menu-item-type-post_type menu-item-object-page menu-item-4320\"><a href=\"https:\/\/alt2.klangforum.at\/en\/klangforum-wien-ensemble\/lorelei-dowling-bassoon-2\/\">Lorelei Dowling, bassoon<\/a><\/li>\n<li id=\"menu-item-4325\" class=\"menu-item menu-item-type-post_type menu-item-object-page menu-item-4325\"><a href=\"https:\/\/alt2.klangforum.at\/en\/klangforum-wien-ensemble\/vera-fischer-flute\/\">Vera Fischer, flute<\/a><\/li>\n<li id=\"menu-item-4317\" class=\"menu-item menu-item-type-post_type menu-item-object-page menu-item-4317\"><a href=\"https:\/\/alt2.klangforum.at\/en\/klangforum-wien-ensemble\/gunde-jaech-micko-violin\/\">Gunde J\u00e4ch-Micko, violin<\/a><\/li>\n<li id=\"menu-item-3151\" class=\"menu-item menu-item-type-post_type menu-item-object-page menu-item-3151\"><a href=\"https:\/\/alt2.klangforum.at\/en\/klangforum-wien-ensemble\/benedikt-leitner-cello\/\">Benedikt Leitner, cello<\/a><\/li>\n<li id=\"menu-item-3150\" class=\"menu-item menu-item-type-post_type menu-item-object-page menu-item-3150\"><a href=\"https:\/\/alt2.klangforum.at\/en\/klangforum-wien-ensemble\/andreas-lindenbaum-cello\/\">Andreas Lindenbaum, cello<\/a><\/li>\n<li id=\"menu-item-6669\" class=\"menu-item menu-item-type-post_type menu-item-object-page menu-item-6669\"><a href=\"https:\/\/alt2.klangforum.at\/en\/klangforum-wien-ensemble\/alex-lipowski-percussion\/\">Alex Lipowski, percussion<\/a><\/li>\n<li id=\"menu-item-3156\" class=\"menu-item menu-item-type-post_type menu-item-object-page menu-item-3156\"><a href=\"https:\/\/alt2.klangforum.at\/en\/klangforum-wien-ensemble\/florian-mueller-piano\/\">Florian M\u00fcller, piano<\/a><\/li>\n<li id=\"menu-item-3148\" class=\"menu-item menu-item-type-post_type menu-item-object-page menu-item-3148\"><a href=\"https:\/\/alt2.klangforum.at\/en\/klangforum-wien-ensemble\/anders-nyquist-trumpet\/\">Anders Nyqvist, trumpet<\/a><\/li>\n<li id=\"menu-item-3155\" class=\"menu-item menu-item-type-post_type menu-item-object-page menu-item-3155\"><a href=\"https:\/\/alt2.klangforum.at\/en\/klangforum-wien-ensemble\/dimitrios-polisoidis-viola\/\">Dimitrios Polisoidis, viola<\/a><\/li>\n<li id=\"menu-item-3157\" class=\"menu-item menu-item-type-post_type menu-item-object-page menu-item-3157\"><a href=\"https:\/\/alt2.klangforum.at\/en\/klangforum-wien-ensemble\/gerald-preinfalk-saxophone\/\">Gerald Preinfalk, saxophone<\/a><\/li>\n<li id=\"menu-item-4322\" class=\"menu-item menu-item-type-post_type menu-item-object-page menu-item-4322\"><a href=\"https:\/\/alt2.klangforum.at\/en\/klangforum-wien-ensemble\/mikael-rudolfsson-trombone\/\">Mikael Rudolfsson, trombone<\/a><\/li>\n<li id=\"menu-item-4324\" class=\"menu-item menu-item-type-post_type menu-item-object-page menu-item-4324\"><a href=\"https:\/\/alt2.klangforum.at\/en\/klangforum-wien-ensemble\/sophie-schafleitner-violin\/\">Sophie Schafleitner, violin<\/a><\/li>\n<li id=\"menu-item-3162\" class=\"menu-item menu-item-type-post_type menu-item-object-page menu-item-3162\"><a href=\"https:\/\/alt2.klangforum.at\/en\/klangforum-wien-ensemble\/lukas-schiske-percussion\/\">Lukas Schiske, percussion<\/a><\/li>\n<li id=\"menu-item-4319\" class=\"menu-item menu-item-type-post_type menu-item-object-page menu-item-4319\"><a href=\"https:\/\/alt2.klangforum.at\/en\/klangforum-wien-ensemble\/krassimir-sterev-accordeon\/\">Krassimir Sterev, accordion<\/a><\/li>\n<li id=\"menu-item-4326\" class=\"menu-item menu-item-type-post_type menu-item-object-page menu-item-4326\"><a href=\"https:\/\/alt2.klangforum.at\/en\/klangforum-wien-ensemble\/virginie-tarrete-harp\/\">Virginie Tarr\u00eate, harp<\/a><\/li>\n<li id=\"menu-item-4323\" class=\"menu-item menu-item-type-post_type menu-item-object-page menu-item-4323\"><a href=\"https:\/\/alt2.klangforum.at\/en\/klangforum-wien-ensemble\/olivier-vivares-clarinet\/\">Olivier Vivar\u00e8s, clarinet<\/a><\/li>\n<li id=\"menu-item-3154\" class=\"menu-item menu-item-type-post_type menu-item-object-page menu-item-3154\"><a href=\"https:\/\/alt2.klangforum.at\/en\/klangforum-wien-ensemble\/christoph-walder-horn\/\">Christoph Walder, horn<\/a><\/li>\n<li id=\"menu-item-3153\" class=\"menu-item menu-item-type-post_type menu-item-object-page menu-item-3153\"><a href=\"https:\/\/alt2.klangforum.at\/en\/klangforum-wien-ensemble\/bjoern-wilker-percussion\/\">Bj\u00f6rn Wilker, percussion<\/a><\/li>\n<li id=\"menu-item-3152\" class=\"menu-item menu-item-type-post_type menu-item-object-page menu-item-3152\"><a href=\"https:\/\/alt2.klangforum.at\/en\/klangforum-wien-ensemble\/bernhard-zachhuber-clarinet\/\">Bernhard Zachhuber, clarinet<\/a><\/li>\n<\/ul><\/div><\/div><\/div><\/div><style type=\"text\/css\">.fusion-body .fusion-builder-column-2{width:25% !important;margin-top : 0px;margin-bottom : 20px;}.fusion-builder-column-2 > .fusion-column-wrapper {padding-top : 0px !important;padding-right : 0px !important;margin-right : 7.68%;padding-bottom : 0px !important;padding-left : 0px !important;margin-left : 7.68%;}@media only screen and (max-width:1540px) {.fusion-body .fusion-builder-column-2{width:25% !important;}.fusion-builder-column-2 > .fusion-column-wrapper {margin-right : 7.68%;margin-left : 7.68%;}}@media only screen and (max-width:800px) {.fusion-body .fusion-builder-column-2{width:100% !important;}.fusion-builder-column-2 > .fusion-column-wrapper {margin-right : 1.92%;margin-left : 1.92%;}}<\/style><\/div><\/div><style type=\"text\/css\">.fusion-body .fusion-flex-container.fusion-builder-row-1{ padding-top : 0px;margin-top : 1px;padding-right : 20px;padding-bottom : 0px;margin-bottom : 0px;padding-left : 20px;}<\/style><\/div>\n","protected":false},"excerpt":{"rendered":"","protected":false},"author":12,"featured_media":0,"parent":2673,"menu_order":0,"comment_status":"closed","ping_status":"closed","template":"","meta":[],"acf":[],"yoast_head":"<!-- This site is optimized with the Yoast SEO plugin v15.7 - https:\/\/yoast.com\/wordpress\/plugins\/seo\/ -->\n<title>Virginie Tarr\u00eate, harp &mdash; Klangforum Wien<\/title>\n<meta name=\"robots\" content=\"noindex, follow, max-snippet:-1, max-image-preview:large, max-video-preview:-1\" \/>\n<meta property=\"og:locale\" content=\"en_US\" \/>\n<meta property=\"og:type\" content=\"article\" \/>\n<meta property=\"og:title\" content=\"Virginie Tarr\u00eate, harp &mdash; Klangforum Wien\" \/>\n<meta property=\"og:url\" content=\"https:\/\/alt2.klangforum.at\/en\/klangforum-wien-ensemble\/virginie-tarrete-harp\/\" \/>\n<meta property=\"og:site_name\" content=\"Klangforum Wien\" \/>\n<meta property=\"article:publisher\" content=\"https:\/\/www.facebook.com\/klangforumwien\/\" \/>\n<meta property=\"article:modified_time\" content=\"2022-06-15T08:56:52+00:00\" \/>\n<meta name=\"twitter:card\" content=\"summary_large_image\" \/>\n<meta name=\"twitter:site\" content=\"@klangforumwien\" \/>\n<meta name=\"twitter:label1\" content=\"Est. reading time\">\n\t<meta name=\"twitter:data1\" content=\"3 minutes\">\n<script type=\"application\/ld+json\" class=\"yoast-schema-graph\">{\"@context\":\"https:\/\/schema.org\",\"@graph\":[{\"@type\":\"Organization\",\"@id\":\"https:\/\/alt2.klangforum.at\/#organization\",\"name\":\"Klangforum Wien\",\"url\":\"https:\/\/alt2.klangforum.at\/\",\"sameAs\":[\"https:\/\/www.facebook.com\/klangforumwien\/\",\"https:\/\/www.instagram.com\/klangforum_wien\/\",\"https:\/\/www.linkedin.com\/in\/klangforum-wien-036a35250\/\",\"https:\/\/www.youtube.com\/user\/KlangforumWien\",\"https:\/\/en.wikipedia.org\/wiki\/Klangforum_Wien\",\"https:\/\/twitter.com\/klangforumwien\"],\"logo\":{\"@type\":\"ImageObject\",\"@id\":\"https:\/\/alt2.klangforum.at\/#logo\",\"inLanguage\":\"en-US\",\"url\":\"https:\/\/alt2.klangforum.at\/wp-content\/uploads\/2020\/08\/kf_type_c.png\",\"width\":1387,\"height\":210,\"caption\":\"Klangforum Wien\"},\"image\":{\"@id\":\"https:\/\/alt2.klangforum.at\/#logo\"}},{\"@type\":\"WebSite\",\"@id\":\"https:\/\/alt2.klangforum.at\/#website\",\"url\":\"https:\/\/alt2.klangforum.at\/\",\"name\":\"Klangforum Wien\",\"description\":\"\",\"publisher\":{\"@id\":\"https:\/\/alt2.klangforum.at\/#organization\"},\"potentialAction\":[{\"@type\":\"SearchAction\",\"target\":\"https:\/\/alt2.klangforum.at\/?s={search_term_string}\",\"query-input\":\"required name=search_term_string\"}],\"inLanguage\":\"en-US\"},{\"@type\":\"WebPage\",\"@id\":\"https:\/\/alt2.klangforum.at\/en\/klangforum-wien-ensemble\/virginie-tarrete-harp\/#webpage\",\"url\":\"https:\/\/alt2.klangforum.at\/en\/klangforum-wien-ensemble\/virginie-tarrete-harp\/\",\"name\":\"Virginie Tarr\\u00eate, harp &mdash; Klangforum Wien\",\"isPartOf\":{\"@id\":\"https:\/\/alt2.klangforum.at\/#website\"},\"datePublished\":\"2020-10-26T17:42:20+00:00\",\"dateModified\":\"2022-06-15T08:56:52+00:00\",\"inLanguage\":\"en-US\",\"potentialAction\":[{\"@type\":\"ReadAction\",\"target\":[\"https:\/\/alt2.klangforum.at\/en\/klangforum-wien-ensemble\/virginie-tarrete-harp\/\"]}]}]}<\/script>\n<!-- \/ Yoast SEO plugin. -->","_links":{"self":[{"href":"https:\/\/alt2.klangforum.at\/en\/wp-json\/wp\/v2\/pages\/3055"}],"collection":[{"href":"https:\/\/alt2.klangforum.at\/en\/wp-json\/wp\/v2\/pages"}],"about":[{"href":"https:\/\/alt2.klangforum.at\/en\/wp-json\/wp\/v2\/types\/page"}],"author":[{"embeddable":true,"href":"https:\/\/alt2.klangforum.at\/en\/wp-json\/wp\/v2\/users\/12"}],"replies":[{"embeddable":true,"href":"https:\/\/alt2.klangforum.at\/en\/wp-json\/wp\/v2\/comments?post=3055"}],"version-history":[{"count":14,"href":"https:\/\/alt2.klangforum.at\/en\/wp-json\/wp\/v2\/pages\/3055\/revisions"}],"predecessor-version":[{"id":11981,"href":"https:\/\/alt2.klangforum.at\/en\/wp-json\/wp\/v2\/pages\/3055\/revisions\/11981"}],"up":[{"embeddable":true,"href":"https:\/\/alt2.klangforum.at\/en\/wp-json\/wp\/v2\/pages\/2673"}],"wp:attachment":[{"href":"https:\/\/alt2.klangforum.at\/en\/wp-json\/wp\/v2\/media?parent=3055"}],"curies":[{"name":"wp","href":"https:\/\/api.w.org\/{rel}","templated":true}]}}